{"id":767,"date":"2018-12-19T12:08:37","date_gmt":"2018-12-19T11:08:37","guid":{"rendered":"https:\/\/www.glamtex.com\/cataloghi\/"},"modified":"2024-05-24T11:23:05","modified_gmt":"2024-05-24T10:23:05","slug":"catalogos","status":"publish","type":"page","link":"https:\/\/www.glamtex.com\/es\/catalogos\/","title":{"rendered":"Catalogos"},"content":{"rendered":"<div class=\"wpb-content-wrapper\"><p>[vc_row css_animation=\u00bb\u00bb row_type=\u00bbrow\u00bb use_row_as_full_screen_section=\u00bbno\u00bb type=\u00bbfull_width\u00bb angled_section=\u00bbno\u00bb text_align=\u00bbcenter\u00bb background_image_as_pattern=\u00bbwithout_pattern\u00bb z_index=\u00bb\u00bb css=\u00bb.vc_custom_1716546182303{padding-top: 20px !important;padding-bottom: 40px !important;}\u00bb][vc_column][vc_column_text]<\/p>\n<h2>Catalogos online<\/h2>\n<p>[\/vc_column_text][vc_column_text css=\u00bb\u00bb]<\/p>\n<p style=\"text-align: center;\">Rellena el formulario con los datos de tu empresa y recibir\u00e1s un usuario y contrase\u00f1a o QRCODE para acceder directamente a nuestros cat\u00e1logos<\/p>\n<p>[\/vc_column_text][\/vc_column][\/vc_row][vc_row css_animation=\u00bb\u00bb row_type=\u00bbrow\u00bb use_row_as_full_screen_section=\u00bbno\u00bb type=\u00bbfull_width\u00bb angled_section=\u00bbno\u00bb text_align=\u00bbcenter\u00bb background_image_as_pattern=\u00bbwithout_pattern\u00bb z_index=\u00bb\u00bb][vc_column][vc_single_image image=\u00bb959&#8243; img_size=\u00bbfull\u00bb alignment=\u00bbcenter\u00bb css=\u00bb\u00bb qode_css_animation=\u00bb\u00bb][\/vc_column][\/vc_row][vc_row css_animation=\u00bb\u00bb row_type=\u00bbrow\u00bb use_row_as_full_screen_section=\u00bbno\u00bb type=\u00bbgrid\u00bb angled_section=\u00bbno\u00bb text_align=\u00bbleft\u00bb background_image_as_pattern=\u00bbwithout_pattern\u00bb background_color=\u00bb#a3a3a3&#8243; padding_top=\u00bb30&#8243; padding_bottom=\u00bb30&#8243; z_index=\u00bb\u00bb][vc_column width=\u00bb1\/2&#8243;][vc_column_text]<\/p>\n<h2>Iniciar sesi\u00f3n<\/h2>\n<p>[\/vc_column_text][vc_empty_space]<a  itemprop=\"url\" href=\"https:\/\/www.glamtex.com\/wp-login.php\" target=\"_self\"  class=\"qbutton  small default\" style=\"\">Acceso a los cat\u00e1logos<\/a>[\/vc_column][vc_column width=\u00bb1\/2&#8243;][vc_column_text]<strong>GlamTex Srl no considerar\u00e1 solicitudes de usuarios privados<\/strong>[\/vc_column_text][vc_column_text]<\/p>\n<h2>Registro<\/h2>\n<p>[\/vc_column_text][vc_empty_space]\n<div class=\"wpcf7 no-js\" id=\"wpcf7-f699-o1\" lang=\"it-IT\" dir=\"ltr\" data-wpcf7-id=\"699\">\n<div class=\"screen-reader-response\"><p role=\"status\" aria-live=\"polite\" aria-atomic=\"true\"><\/p> <ul><\/ul><\/div>\n<form action=\"\/es\/wp-json\/wp\/v2\/pages\/767#wpcf7-f699-o1\" method=\"post\" class=\"wpcf7-form init cf7_custom_style_1\" aria-label=\"Modulo di contatto\" novalidate=\"novalidate\" data-status=\"init\">\n<fieldset class=\"hidden-fields-container\"><input type=\"hidden\" name=\"_wpcf7\" value=\"699\" \/><input type=\"hidden\" name=\"_wpcf7_version\" value=\"6.1.2\" \/><input type=\"hidden\" name=\"_wpcf7_locale\" value=\"it_IT\" \/><input type=\"hidden\" name=\"_wpcf7_unit_tag\" value=\"wpcf7-f699-o1\" \/><input type=\"hidden\" name=\"_wpcf7_container_post\" value=\"0\" \/><input type=\"hidden\" name=\"_wpcf7_posted_data_hash\" value=\"\" \/><input type=\"hidden\" name=\"_wpcf7_recaptcha_response\" value=\"\" \/>\n<\/fieldset>\n<p><label> Nombre de la empresa *<br \/>\n<span class=\"wpcf7-form-control-wrap\" data-name=\"your-azienda\"><input size=\"40\" maxlength=\"400\" class=\"wpcf7-form-control wpcf7-text wpcf7-validates-as-required\" aria-required=\"true\" aria-invalid=\"false\" value=\"\" type=\"text\" name=\"your-azienda\" \/><\/span> <\/label><br \/>\n<label> direcci\u00f3n*<br \/>\n<span class=\"wpcf7-form-control-wrap\" data-name=\"your-indirizzo\"><input size=\"40\" maxlength=\"400\" class=\"wpcf7-form-control wpcf7-text wpcf7-validates-as-required\" aria-required=\"true\" aria-invalid=\"false\" value=\"\" type=\"text\" name=\"your-indirizzo\" \/><\/span> <\/label><br \/>\n<label> C\u00f3digo postal y ciudad*<br \/>\n<span class=\"wpcf7-form-control-wrap\" data-name=\"your-citta\"><input size=\"40\" maxlength=\"400\" class=\"wpcf7-form-control wpcf7-text wpcf7-validates-as-required\" aria-required=\"true\" aria-invalid=\"false\" value=\"\" type=\"text\" name=\"your-citta\" \/><\/span> <\/label>\n<\/p>\n<p><label> tel\u00e9fono*<br \/>\n<span class=\"wpcf7-form-control-wrap\" data-name=\"tel-813\"><input size=\"40\" maxlength=\"400\" class=\"wpcf7-form-control wpcf7-tel wpcf7-validates-as-required wpcf7-text wpcf7-validates-as-tel\" aria-required=\"true\" aria-invalid=\"false\" value=\"\" type=\"tel\" name=\"tel-813\" \/><\/span> <\/label><br \/>\n<label>CIF*<br \/>\n<span class=\"wpcf7-form-control-wrap\" data-name=\"your-Piva\"><input size=\"40\" maxlength=\"400\" class=\"wpcf7-form-control wpcf7-text wpcf7-validates-as-required\" aria-required=\"true\" aria-invalid=\"false\" value=\"\" type=\"text\" name=\"your-Piva\" \/><\/span> <\/label>\n<\/p>\n<p><label> email *<br \/>\n<span class=\"wpcf7-form-control-wrap\" data-name=\"your-email\"><input size=\"40\" maxlength=\"400\" class=\"wpcf7-form-control wpcf7-email wpcf7-validates-as-required wpcf7-text wpcf7-validates-as-email\" aria-required=\"true\" aria-invalid=\"false\" value=\"\" type=\"email\" name=\"your-email\" \/><\/span> <\/label>\n<\/p>\n<p><label> mensaje<br \/>\n<span class=\"wpcf7-form-control-wrap\" data-name=\"your-message\"><textarea cols=\"40\" rows=\"10\" maxlength=\"2000\" class=\"wpcf7-form-control wpcf7-textarea\" aria-invalid=\"false\" name=\"your-message\"><\/textarea><\/span> <\/label>\n<\/p>\n<p><span class=\"wpcf7-form-control-wrap\" data-name=\"acceptance-850\"><span class=\"wpcf7-form-control wpcf7-acceptance\"><span class=\"wpcf7-list-item\"><input type=\"checkbox\" name=\"acceptance-850\" value=\"1\" aria-invalid=\"false\" \/><\/span><\/span><\/span> He le\u00eddo <a href=\"https:\/\/www.glamtex.com\/privacy-policy\/\" target=\"_blank\" rel=\"noopener\">la pol\u00edtica de privacidad<\/a> y acepto\n<\/p>\n<p><strong>Demuestra que eres humano, responde la pregunta.<\/strong><br \/>\n<span class=\"wpcf7-form-control-wrap\" data-name=\"quiz-935\"><label><span class=\"wpcf7-quiz-label\">\u00bfLa capital de Italia?<\/span> <input size=\"40\" class=\"wpcf7-form-control wpcf7-quiz\" autocomplete=\"off\" aria-required=\"true\" aria-invalid=\"false\" type=\"text\" name=\"quiz-935\" \/><\/label><input type=\"hidden\" name=\"_wpcf7_quiz_answer_quiz-935\" value=\"33bfe359ecd3a9e2165cb14d95ac0929\" \/><\/span>\n<\/p>\n<p><input class=\"wpcf7-form-control wpcf7-submit has-spinner\" type=\"submit\" value=\"enviar\" \/>\n<\/p><div class=\"wpcf7-response-output\" aria-hidden=\"true\"><\/div>\n<\/form>\n<\/div>\n[\/vc_column][\/vc_row]<\/p>\n<\/div>","protected":false},"excerpt":{"rendered":"<p>[vc_row css_animation=\u00bb\u00bb row_type=\u00bbrow\u00bb use_row_as_full_screen_section=\u00bbno\u00bb type=\u00bbfull_width\u00bb angled_section=\u00bbno\u00bb text_align=\u00bbcenter\u00bb background_image_as_pattern=\u00bbwithout_pattern\u00bb z_index=\u00bb\u00bb css=\u00bb.vc_custom_1716546182303{padding-top: 20px !important;padding-bottom: 40px !important;}\u00bb][vc_column][vc_column_text] Catalogos online [\/vc_column_text][vc_column_text css=\u00bb\u00bb] Rellena el formulario con los datos de tu empresa y recibir\u00e1s un usuario y contrase\u00f1a o QRCODE para acceder directamente a nuestros cat\u00e1logos [\/vc_column_text][\/vc_column][\/vc_row][vc_row css_animation=\u00bb\u00bb row_type=\u00bbrow\u00bb use_row_as_full_screen_section=\u00bbno\u00bb&#8230;<\/p>\n","protected":false},"author":1,"featured_media":0,"parent":0,"menu_order":0,"comment_status":"closed","ping_status":"closed","template":"full_width.php","meta":{"footnotes":""},"class_list":["post-767","page","type-page","status-publish","hentry"],"yoast_head":"<!-- This site is optimized with the Yoast SEO plugin v26.2 - https:\/\/yoast.com\/wordpress\/plugins\/seo\/ -->\n<title>Catalogos - Glamtex<\/title>\n<meta name=\"robots\" content=\"index, follow, max-snippet:-1, max-image-preview:large, max-video-preview:-1\" \/>\n<link rel=\"canonical\" href=\"https:\/\/www.glamtex.com\/es\/catalogos\/\" \/>\n<meta property=\"og:locale\" content=\"es_ES\" \/>\n<meta property=\"og:type\" content=\"article\" \/>\n<meta property=\"og:title\" content=\"Catalogos - Glamtex\" \/>\n<meta property=\"og:description\" content=\"[vc_row css_animation=\u00bb\u00bb row_type=\u00bbrow\u00bb use_row_as_full_screen_section=\u00bbno\u00bb type=\u00bbfull_width\u00bb angled_section=\u00bbno\u00bb text_align=\u00bbcenter\u00bb background_image_as_pattern=\u00bbwithout_pattern\u00bb z_index=\u00bb\u00bb css=\u00bb.vc_custom_1716546182303{padding-top: 20px !important;padding-bottom: 40px !important;}\u00bb][vc_column][vc_column_text] Catalogos online [\/vc_column_text][vc_column_text css=\u00bb\u00bb] Rellena el formulario con los datos de tu empresa y recibir\u00e1s un usuario y contrase\u00f1a o QRCODE para acceder directamente a nuestros cat\u00e1logos [\/vc_column_text][\/vc_column][\/vc_row][vc_row css_animation=\u00bb\u00bb row_type=\u00bbrow\u00bb use_row_as_full_screen_section=\u00bbno\u00bb...\" \/>\n<meta property=\"og:url\" content=\"https:\/\/www.glamtex.com\/es\/catalogos\/\" \/>\n<meta property=\"og:site_name\" content=\"Glamtex\" \/>\n<meta property=\"article:modified_time\" content=\"2024-05-24T10:23:05+00:00\" \/>\n<meta name=\"twitter:card\" content=\"summary_large_image\" \/>\n<meta name=\"twitter:label1\" content=\"Tiempo de lectura\" \/>\n\t<meta name=\"twitter:data1\" content=\"1 minuto\" \/>\n<script type=\"application\/ld+json\" class=\"yoast-schema-graph\">{\"@context\":\"https:\/\/schema.org\",\"@graph\":[{\"@type\":\"WebPage\",\"@id\":\"https:\/\/www.glamtex.com\/es\/catalogos\/\",\"url\":\"https:\/\/www.glamtex.com\/es\/catalogos\/\",\"name\":\"Catalogos - Glamtex\",\"isPartOf\":{\"@id\":\"https:\/\/www.glamtex.com\/#website\"},\"datePublished\":\"2018-12-19T11:08:37+00:00\",\"dateModified\":\"2024-05-24T10:23:05+00:00\",\"breadcrumb\":{\"@id\":\"https:\/\/www.glamtex.com\/es\/catalogos\/#breadcrumb\"},\"inLanguage\":\"es\",\"potentialAction\":[{\"@type\":\"ReadAction\",\"target\":[\"https:\/\/www.glamtex.com\/es\/catalogos\/\"]}]},{\"@type\":\"BreadcrumbList\",\"@id\":\"https:\/\/www.glamtex.com\/es\/catalogos\/#breadcrumb\",\"itemListElement\":[{\"@type\":\"ListItem\",\"position\":1,\"name\":\"Home\",\"item\":\"https:\/\/www.glamtex.com\/es\/\"},{\"@type\":\"ListItem\",\"position\":2,\"name\":\"Catalogos\"}]},{\"@type\":\"WebSite\",\"@id\":\"https:\/\/www.glamtex.com\/#website\",\"url\":\"https:\/\/www.glamtex.com\/\",\"name\":\"Glamtex\",\"description\":\"Glamtex\",\"potentialAction\":[{\"@type\":\"SearchAction\",\"target\":{\"@type\":\"EntryPoint\",\"urlTemplate\":\"https:\/\/www.glamtex.com\/?s={search_term_string}\"},\"query-input\":{\"@type\":\"PropertyValueSpecification\",\"valueRequired\":true,\"valueName\":\"search_term_string\"}}],\"inLanguage\":\"es\"}]}<\/script>\n<!-- \/ Yoast SEO plugin. -->","yoast_head_json":{"title":"Catalogos - Glamtex","robots":{"index":"index","follow":"follow","max-snippet":"max-snippet:-1","max-image-preview":"max-image-preview:large","max-video-preview":"max-video-preview:-1"},"canonical":"https:\/\/www.glamtex.com\/es\/catalogos\/","og_locale":"es_ES","og_type":"article","og_title":"Catalogos - Glamtex","og_description":"[vc_row css_animation=\u00bb\u00bb row_type=\u00bbrow\u00bb use_row_as_full_screen_section=\u00bbno\u00bb type=\u00bbfull_width\u00bb angled_section=\u00bbno\u00bb text_align=\u00bbcenter\u00bb background_image_as_pattern=\u00bbwithout_pattern\u00bb z_index=\u00bb\u00bb css=\u00bb.vc_custom_1716546182303{padding-top: 20px !important;padding-bottom: 40px !important;}\u00bb][vc_column][vc_column_text] Catalogos online [\/vc_column_text][vc_column_text css=\u00bb\u00bb] Rellena el formulario con los datos de tu empresa y recibir\u00e1s un usuario y contrase\u00f1a o QRCODE para acceder directamente a nuestros cat\u00e1logos [\/vc_column_text][\/vc_column][\/vc_row][vc_row css_animation=\u00bb\u00bb row_type=\u00bbrow\u00bb use_row_as_full_screen_section=\u00bbno\u00bb...","og_url":"https:\/\/www.glamtex.com\/es\/catalogos\/","og_site_name":"Glamtex","article_modified_time":"2024-05-24T10:23:05+00:00","twitter_card":"summary_large_image","twitter_misc":{"Tiempo de lectura":"1 minuto"},"schema":{"@context":"https:\/\/schema.org","@graph":[{"@type":"WebPage","@id":"https:\/\/www.glamtex.com\/es\/catalogos\/","url":"https:\/\/www.glamtex.com\/es\/catalogos\/","name":"Catalogos - Glamtex","isPartOf":{"@id":"https:\/\/www.glamtex.com\/#website"},"datePublished":"2018-12-19T11:08:37+00:00","dateModified":"2024-05-24T10:23:05+00:00","breadcrumb":{"@id":"https:\/\/www.glamtex.com\/es\/catalogos\/#breadcrumb"},"inLanguage":"es","potentialAction":[{"@type":"ReadAction","target":["https:\/\/www.glamtex.com\/es\/catalogos\/"]}]},{"@type":"BreadcrumbList","@id":"https:\/\/www.glamtex.com\/es\/catalogos\/#breadcrumb","itemListElement":[{"@type":"ListItem","position":1,"name":"Home","item":"https:\/\/www.glamtex.com\/es\/"},{"@type":"ListItem","position":2,"name":"Catalogos"}]},{"@type":"WebSite","@id":"https:\/\/www.glamtex.com\/#website","url":"https:\/\/www.glamtex.com\/","name":"Glamtex","description":"Glamtex","potentialAction":[{"@type":"SearchAction","target":{"@type":"EntryPoint","urlTemplate":"https:\/\/www.glamtex.com\/?s={search_term_string}"},"query-input":{"@type":"PropertyValueSpecification","valueRequired":true,"valueName":"search_term_string"}}],"inLanguage":"es"}]}},"_links":{"self":[{"href":"https:\/\/www.glamtex.com\/es\/wp-json\/wp\/v2\/pages\/767","targetHints":{"allow":["GET"]}}],"collection":[{"href":"https:\/\/www.glamtex.com\/es\/wp-json\/wp\/v2\/pages"}],"about":[{"href":"https:\/\/www.glamtex.com\/es\/wp-json\/wp\/v2\/types\/page"}],"author":[{"embeddable":true,"href":"https:\/\/www.glamtex.com\/es\/wp-json\/wp\/v2\/users\/1"}],"replies":[{"embeddable":true,"href":"https:\/\/www.glamtex.com\/es\/wp-json\/wp\/v2\/comments?post=767"}],"version-history":[{"count":6,"href":"https:\/\/www.glamtex.com\/es\/wp-json\/wp\/v2\/pages\/767\/revisions"}],"predecessor-version":[{"id":1136,"href":"https:\/\/www.glamtex.com\/es\/wp-json\/wp\/v2\/pages\/767\/revisions\/1136"}],"wp:attachment":[{"href":"https:\/\/www.glamtex.com\/es\/wp-json\/wp\/v2\/media?parent=767"}],"curies":[{"name":"wp","href":"https:\/\/api.w.org\/{rel}","templated":true}]}}