{"id":646,"date":"2019-04-15T12:08:59","date_gmt":"2019-04-15T11:08:59","guid":{"rendered":"https:\/\/www.glamtex.com\/tecnico\/"},"modified":"2024-05-24T10:36:16","modified_gmt":"2024-05-24T09:36:16","slug":"articulos-tecnicos","status":"publish","type":"page","link":"https:\/\/www.glamtex.com\/es\/articulos-tecnicos\/","title":{"rendered":"T\u00e9cnicos"},"content":{"rendered":"<div class=\"wpb-content-wrapper\"><p>[vc_row css_animation=\u00bb\u00bb row_type=\u00bbrow\u00bb use_row_as_full_screen_section=\u00bbno\u00bb type=\u00bbfull_width\u00bb angled_section=\u00bbno\u00bb text_align=\u00bbleft\u00bb background_image_as_pattern=\u00bbwithout_pattern\u00bb][vc_column][vc_single_image image=\u00bb952&#8243; img_size=\u00bbfull\u00bb css=\u00bb\u00bb qode_css_animation=\u00bb\u00bb][\/vc_column][\/vc_row][vc_row css_animation=\u00bb\u00bb row_type=\u00bbrow\u00bb use_row_as_full_screen_section=\u00bbno\u00bb type=\u00bbfull_width\u00bb angled_section=\u00bbno\u00bb text_align=\u00bbleft\u00bb background_image_as_pattern=\u00bbwithout_pattern\u00bb background_color=\u00bb#cccccc\u00bb padding_top=\u00bb30&#8243; padding_bottom=\u00bb30&#8243; z_index=\u00bb\u00bb][vc_column width=\u00bb1\/3&#8243;][vc_column_text css=\u00bb.vc_custom_1558718305066{padding-left: 30px !important;}\u00bb]<\/p>\n<h2>M\u00e1s all\u00e1 del est\u00e1ndar:<br \/>\nNuestros art\u00edculos t\u00e9cnicos.<\/h2>\n<p>[\/vc_column_text][vc_empty_space height=\u00bb20px\u00bb][vc_column_text css=\u00bb.vc_custom_1558718315701{padding-right: 20px !important;padding-left: 30px !important;}\u00bb]<\/p>\n<p style=\"text-align: justify;\">Somos capaces de producir, a pedido del cliente, art\u00edculos para calzado t\u00e9cnico, de invierno y deportivo.<br \/>\nForros, aletas inyectadas, laminados personalizados, tejidos repelentes al agua, con el objetivo final de ofrecer un producto que refleje los mejores rendimientos t\u00e9cnicos y est\u00e9ticos.<\/p>\n<p>[\/vc_column_text][vc_empty_space height=\u00bb60px\u00bb][vc_column_text css=\u00bb.vc_custom_1561567126601{padding-left: 20px !important;}\u00bb]<a  itemprop=\"url\" href=\"https:\/\/www.glamtex.com\/es\/catalogos\/\" target=\"_self\"  class=\"qbutton  small default\" style=\"\">Cat\u00e1logo en l\u00ednea<\/a>[\/vc_column_text][vc_empty_space height=\u00bb100px\u00bb]<div class=\"q_image_with_text_over q_iwto_hover\"><div class=\"shader\" style=\"background-color: rgba(255,255,255,0.01)\"><\/div><div class=\"shader_hover\" style=\"background-color: rgba(0,0,0,0.11)\"><\/div><img decoding=\"async\" itemprop=\"image\" src=\"https:\/\/www.glamtex.com\/wp-content\/uploads\/2024\/05\/tecnico-stivale-web-glamtex3.jpg\" alt=\"\" \/><div class=\"text\"><table><tr><td><h3 class=\"caption no_icon\" style=\"\"><\/h3><\/td><\/tr><\/table><table><tr><td><div class=\"desc\"><\/p>\n<h2><span style=\"color: #ffffff;\">Art. Microny Met<\/span><\/h2>\n<p><\/div><\/td><\/tr><\/table><\/div><\/div>[\/vc_column][vc_column width=\u00bb2\/3&#8243; css=\u00bb.vc_custom_1555326305519{padding-right: 0px !important;}\u00bb]<div class=\"q_image_with_text_over q_iwto_hover\"><div class=\"shader\" style=\"background-color: rgba(255,255,255,0.01)\"><\/div><div class=\"shader_hover\" style=\"background-color: rgba(0,0,0,0.11)\"><\/div><img decoding=\"async\" itemprop=\"image\" src=\"https:\/\/www.glamtex.com\/wp-content\/uploads\/2024\/05\/TECNICO-01-web-glamtex2.jpg\" alt=\"\" \/><div class=\"text\"><table><tr><td><h3 class=\"caption no_icon\" style=\"\"><\/h3><\/td><\/tr><\/table><table><tr><td><div class=\"desc\"><\/p>\n<h2><span style=\"color: #ffffff;\">Art. Teknocolor<\/span><\/h2>\n<p><\/div><\/td><\/tr><\/table><\/div><\/div>[\/vc_column][\/vc_row][vc_row css_animation=\u00bb\u00bb row_type=\u00bbrow\u00bb use_row_as_full_screen_section=\u00bbno\u00bb type=\u00bbfull_width\u00bb angled_section=\u00bbno\u00bb text_align=\u00bbleft\u00bb background_image_as_pattern=\u00bbwithout_pattern\u00bb][vc_column][\/vc_column][\/vc_row]<\/p>\n<\/div>","protected":false},"excerpt":{"rendered":"<p>[vc_row css_animation=\u00bb\u00bb row_type=\u00bbrow\u00bb use_row_as_full_screen_section=\u00bbno\u00bb type=\u00bbfull_width\u00bb angled_section=\u00bbno\u00bb text_align=\u00bbleft\u00bb background_image_as_pattern=\u00bbwithout_pattern\u00bb][vc_column][vc_single_image image=\u00bb952&#8243; img_size=\u00bbfull\u00bb css=\u00bb\u00bb qode_css_animation=\u00bb\u00bb][\/vc_column][\/vc_row][vc_row css_animation=\u00bb\u00bb row_type=\u00bbrow\u00bb use_row_as_full_screen_section=\u00bbno\u00bb type=\u00bbfull_width\u00bb angled_section=\u00bbno\u00bb text_align=\u00bbleft\u00bb background_image_as_pattern=\u00bbwithout_pattern\u00bb background_color=\u00bb#cccccc\u00bb padding_top=\u00bb30&#8243; padding_bottom=\u00bb30&#8243; z_index=\u00bb\u00bb][vc_column width=\u00bb1\/3&#8243;][vc_column_text css=\u00bb.vc_custom_1558718305066{padding-left: 30px !important;}\u00bb] M\u00e1s all\u00e1 del est\u00e1ndar: Nuestros art\u00edculos t\u00e9cnicos. [\/vc_column_text][vc_empty_space height=\u00bb20px\u00bb][vc_column_text css=\u00bb.vc_custom_1558718315701{padding-right: 20px !important;padding-left: 30px !important;}\u00bb] Somos capaces de producir,&#8230;<\/p>\n","protected":false},"author":1,"featured_media":0,"parent":0,"menu_order":0,"comment_status":"closed","ping_status":"closed","template":"full_width.php","meta":{"footnotes":""},"class_list":["post-646","page","type-page","status-publish","hentry"],"yoast_head":"<!-- This site is optimized with the Yoast SEO plugin v26.2 - https:\/\/yoast.com\/wordpress\/plugins\/seo\/ -->\n<title>T\u00e9cnicos - Glamtex<\/title>\n<meta name=\"robots\" content=\"index, follow, max-snippet:-1, max-image-preview:large, max-video-preview:-1\" \/>\n<link rel=\"canonical\" href=\"https:\/\/www.glamtex.com\/es\/articulos-tecnicos\/\" \/>\n<meta property=\"og:locale\" content=\"es_ES\" \/>\n<meta property=\"og:type\" content=\"article\" \/>\n<meta property=\"og:title\" content=\"T\u00e9cnicos - Glamtex\" \/>\n<meta property=\"og:description\" content=\"[vc_row css_animation=\u00bb\u00bb row_type=\u00bbrow\u00bb use_row_as_full_screen_section=\u00bbno\u00bb type=\u00bbfull_width\u00bb angled_section=\u00bbno\u00bb text_align=\u00bbleft\u00bb background_image_as_pattern=\u00bbwithout_pattern\u00bb][vc_column][vc_single_image image=\u00bb952&#8243; img_size=\u00bbfull\u00bb css=\u00bb\u00bb qode_css_animation=\u00bb\u00bb][\/vc_column][\/vc_row][vc_row css_animation=\u00bb\u00bb row_type=\u00bbrow\u00bb use_row_as_full_screen_section=\u00bbno\u00bb type=\u00bbfull_width\u00bb angled_section=\u00bbno\u00bb text_align=\u00bbleft\u00bb background_image_as_pattern=\u00bbwithout_pattern\u00bb background_color=\u00bb#cccccc\u00bb padding_top=\u00bb30&#8243; padding_bottom=\u00bb30&#8243; z_index=\u00bb\u00bb][vc_column width=\u00bb1\/3&#8243;][vc_column_text css=\u00bb.vc_custom_1558718305066{padding-left: 30px !important;}\u00bb] M\u00e1s all\u00e1 del est\u00e1ndar: Nuestros art\u00edculos t\u00e9cnicos. [\/vc_column_text][vc_empty_space height=\u00bb20px\u00bb][vc_column_text css=\u00bb.vc_custom_1558718315701{padding-right: 20px !important;padding-left: 30px !important;}\u00bb] Somos capaces de producir,...\" \/>\n<meta property=\"og:url\" content=\"https:\/\/www.glamtex.com\/es\/articulos-tecnicos\/\" \/>\n<meta property=\"og:site_name\" content=\"Glamtex\" \/>\n<meta property=\"article:modified_time\" content=\"2024-05-24T09:36:16+00:00\" \/>\n<meta name=\"twitter:card\" content=\"summary_large_image\" \/>\n<meta name=\"twitter:label1\" content=\"Tiempo de lectura\" \/>\n\t<meta name=\"twitter:data1\" content=\"2 minutos\" \/>\n<script type=\"application\/ld+json\" class=\"yoast-schema-graph\">{\"@context\":\"https:\/\/schema.org\",\"@graph\":[{\"@type\":\"WebPage\",\"@id\":\"https:\/\/www.glamtex.com\/es\/articulos-tecnicos\/\",\"url\":\"https:\/\/www.glamtex.com\/es\/articulos-tecnicos\/\",\"name\":\"T\u00e9cnicos - Glamtex\",\"isPartOf\":{\"@id\":\"https:\/\/www.glamtex.com\/#website\"},\"datePublished\":\"2019-04-15T11:08:59+00:00\",\"dateModified\":\"2024-05-24T09:36:16+00:00\",\"breadcrumb\":{\"@id\":\"https:\/\/www.glamtex.com\/es\/articulos-tecnicos\/#breadcrumb\"},\"inLanguage\":\"es\",\"potentialAction\":[{\"@type\":\"ReadAction\",\"target\":[\"https:\/\/www.glamtex.com\/es\/articulos-tecnicos\/\"]}]},{\"@type\":\"BreadcrumbList\",\"@id\":\"https:\/\/www.glamtex.com\/es\/articulos-tecnicos\/#breadcrumb\",\"itemListElement\":[{\"@type\":\"ListItem\",\"position\":1,\"name\":\"Home\",\"item\":\"https:\/\/www.glamtex.com\/es\/\"},{\"@type\":\"ListItem\",\"position\":2,\"name\":\"T\u00e9cnicos\"}]},{\"@type\":\"WebSite\",\"@id\":\"https:\/\/www.glamtex.com\/#website\",\"url\":\"https:\/\/www.glamtex.com\/\",\"name\":\"Glamtex\",\"description\":\"Glamtex\",\"potentialAction\":[{\"@type\":\"SearchAction\",\"target\":{\"@type\":\"EntryPoint\",\"urlTemplate\":\"https:\/\/www.glamtex.com\/?s={search_term_string}\"},\"query-input\":{\"@type\":\"PropertyValueSpecification\",\"valueRequired\":true,\"valueName\":\"search_term_string\"}}],\"inLanguage\":\"es\"}]}<\/script>\n<!-- \/ Yoast SEO plugin. -->","yoast_head_json":{"title":"T\u00e9cnicos - Glamtex","robots":{"index":"index","follow":"follow","max-snippet":"max-snippet:-1","max-image-preview":"max-image-preview:large","max-video-preview":"max-video-preview:-1"},"canonical":"https:\/\/www.glamtex.com\/es\/articulos-tecnicos\/","og_locale":"es_ES","og_type":"article","og_title":"T\u00e9cnicos - Glamtex","og_description":"[vc_row css_animation=\u00bb\u00bb row_type=\u00bbrow\u00bb use_row_as_full_screen_section=\u00bbno\u00bb type=\u00bbfull_width\u00bb angled_section=\u00bbno\u00bb text_align=\u00bbleft\u00bb background_image_as_pattern=\u00bbwithout_pattern\u00bb][vc_column][vc_single_image image=\u00bb952&#8243; img_size=\u00bbfull\u00bb css=\u00bb\u00bb qode_css_animation=\u00bb\u00bb][\/vc_column][\/vc_row][vc_row css_animation=\u00bb\u00bb row_type=\u00bbrow\u00bb use_row_as_full_screen_section=\u00bbno\u00bb type=\u00bbfull_width\u00bb angled_section=\u00bbno\u00bb text_align=\u00bbleft\u00bb background_image_as_pattern=\u00bbwithout_pattern\u00bb background_color=\u00bb#cccccc\u00bb padding_top=\u00bb30&#8243; padding_bottom=\u00bb30&#8243; z_index=\u00bb\u00bb][vc_column width=\u00bb1\/3&#8243;][vc_column_text css=\u00bb.vc_custom_1558718305066{padding-left: 30px !important;}\u00bb] M\u00e1s all\u00e1 del est\u00e1ndar: Nuestros art\u00edculos t\u00e9cnicos. [\/vc_column_text][vc_empty_space height=\u00bb20px\u00bb][vc_column_text css=\u00bb.vc_custom_1558718315701{padding-right: 20px !important;padding-left: 30px !important;}\u00bb] Somos capaces de producir,...","og_url":"https:\/\/www.glamtex.com\/es\/articulos-tecnicos\/","og_site_name":"Glamtex","article_modified_time":"2024-05-24T09:36:16+00:00","twitter_card":"summary_large_image","twitter_misc":{"Tiempo de lectura":"2 minutos"},"schema":{"@context":"https:\/\/schema.org","@graph":[{"@type":"WebPage","@id":"https:\/\/www.glamtex.com\/es\/articulos-tecnicos\/","url":"https:\/\/www.glamtex.com\/es\/articulos-tecnicos\/","name":"T\u00e9cnicos - Glamtex","isPartOf":{"@id":"https:\/\/www.glamtex.com\/#website"},"datePublished":"2019-04-15T11:08:59+00:00","dateModified":"2024-05-24T09:36:16+00:00","breadcrumb":{"@id":"https:\/\/www.glamtex.com\/es\/articulos-tecnicos\/#breadcrumb"},"inLanguage":"es","potentialAction":[{"@type":"ReadAction","target":["https:\/\/www.glamtex.com\/es\/articulos-tecnicos\/"]}]},{"@type":"BreadcrumbList","@id":"https:\/\/www.glamtex.com\/es\/articulos-tecnicos\/#breadcrumb","itemListElement":[{"@type":"ListItem","position":1,"name":"Home","item":"https:\/\/www.glamtex.com\/es\/"},{"@type":"ListItem","position":2,"name":"T\u00e9cnicos"}]},{"@type":"WebSite","@id":"https:\/\/www.glamtex.com\/#website","url":"https:\/\/www.glamtex.com\/","name":"Glamtex","description":"Glamtex","potentialAction":[{"@type":"SearchAction","target":{"@type":"EntryPoint","urlTemplate":"https:\/\/www.glamtex.com\/?s={search_term_string}"},"query-input":{"@type":"PropertyValueSpecification","valueRequired":true,"valueName":"search_term_string"}}],"inLanguage":"es"}]}},"_links":{"self":[{"href":"https:\/\/www.glamtex.com\/es\/wp-json\/wp\/v2\/pages\/646","targetHints":{"allow":["GET"]}}],"collection":[{"href":"https:\/\/www.glamtex.com\/es\/wp-json\/wp\/v2\/pages"}],"about":[{"href":"https:\/\/www.glamtex.com\/es\/wp-json\/wp\/v2\/types\/page"}],"author":[{"embeddable":true,"href":"https:\/\/www.glamtex.com\/es\/wp-json\/wp\/v2\/users\/1"}],"replies":[{"embeddable":true,"href":"https:\/\/www.glamtex.com\/es\/wp-json\/wp\/v2\/comments?post=646"}],"version-history":[{"count":4,"href":"https:\/\/www.glamtex.com\/es\/wp-json\/wp\/v2\/pages\/646\/revisions"}],"predecessor-version":[{"id":1125,"href":"https:\/\/www.glamtex.com\/es\/wp-json\/wp\/v2\/pages\/646\/revisions\/1125"}],"wp:attachment":[{"href":"https:\/\/www.glamtex.com\/es\/wp-json\/wp\/v2\/media?parent=646"}],"curies":[{"name":"wp","href":"https:\/\/api.w.org\/{rel}","templated":true}]}}