{"id":613,"date":"2018-12-19T12:08:00","date_gmt":"2018-12-19T11:08:00","guid":{"rendered":"https:\/\/www.glamtex.com\/chi-siamo\/"},"modified":"2024-05-24T10:22:52","modified_gmt":"2024-05-24T09:22:52","slug":"sobre-nosotros","status":"publish","type":"page","link":"https:\/\/www.glamtex.com\/es\/sobre-nosotros\/","title":{"rendered":"Sobre Nosotros"},"content":{"rendered":"<div class=\"wpb-content-wrapper\"><p>[vc_row css_animation=\u00bb\u00bb row_type=\u00bbrow\u00bb use_row_as_full_screen_section=\u00bbno\u00bb type=\u00bbfull_width\u00bb angled_section=\u00bbno\u00bb text_align=\u00bbleft\u00bb background_image_as_pattern=\u00bbwithout_pattern\u00bb][vc_column][vc_single_image image=\u00bb517&#8243; img_size=\u00bbfull\u00bb qode_css_animation=\u00bb\u00bb][\/vc_column][\/vc_row][vc_row css_animation=\u00bb\u00bb row_type=\u00bbrow\u00bb use_row_as_full_screen_section=\u00bbno\u00bb type=\u00bbfull_width\u00bb angled_section=\u00bbno\u00bb text_align=\u00bbleft\u00bb background_image_as_pattern=\u00bbwithout_pattern\u00bb background_color=\u00bb#cccccc\u00bb padding_top=\u00bb70&#8243; padding_bottom=\u00bb40&#8243; z_index=\u00bb\u00bb][vc_column width=\u00bb1\/3&#8243;][vc_column_text css=\u00bb.vc_custom_1558717908523{padding-left: 30px !important;}\u00bb]<\/p>\n<h2>Ideas, estilos y colores que cuentan formas nuevas y alternativas, que visten y se entrelazan con encanto y dan emociones.<\/h2>\n<p>[\/vc_column_text][vc_empty_space height=\u00bb20px\u00bb][vc_column_text css=\u00bb.vc_custom_1716542081856{padding-right: 20px !important;padding-left: 30px !important;}\u00bb]<\/p>\n<p class=\"p1\">Fundada en 2007, con sede en Montegranaro (FM), Glam.Tex Unipersonale S.r.l. se ocupa de la comercializaci\u00f3n y venta al por menor de tejidos de poli\u00e9ster y cueros ecol\u00f3gicos tambi\u00e9n a partir de fibras recicladas.<br \/>\nUn amplio surtido de art\u00edculos, que destacan por su calidad y estilo, que pueden utilizarse en el sector del calzado, marroquiner\u00eda, confecci\u00f3n y complementos.<br \/>\nSiempre en constante b\u00fasqueda de materiales actualizados a las tendencias de la moda, entre una amplia gama de art\u00edculos, acabados y colores, nuestras oficinas t\u00e9cnicas y creativas est\u00e1n disponibles para la creaci\u00f3n de proyectos personalizados, utilizando la impresi\u00f3n por sublimaci\u00f3n digital con plotters de \u00faltima generaci\u00f3n.<br \/>\nProyectado desde una perspectiva que tiene en cuenta el respeto ambiental y la sostenibilidad, hemos obtenido la <strong>certificaci\u00f3n Global Recycle Standard (GRS)<\/strong>, modelo impulsado por Textile Excharge.org y reconocido como el m\u00e1s importante a nivel internacional para la producci\u00f3n y consumo sostenible de productos textiles elaborados. con material reciclado, respetando tambi\u00e9n los criterios de protecci\u00f3n del medio ambiente y la protecci\u00f3n de los derechos de los trabajadores.<\/p>\n<p>[\/vc_column_text][vc_empty_space height=\u00bb25px\u00bb][vc_column_text css=\u00bb.vc_custom_1716542097810{padding-left: 30px !important;}\u00bb]<\/p>\n<h2 class=\"p1\"><span class=\"s1\"><b>Lo que te garantizamos.<br \/>\nSiempre y en todas partes.<\/b><\/span><\/h2>\n<p>&nbsp;<\/p>\n<p>[\/vc_column_text][vc_empty_space height=\u00bb20px\u00bb][vc_column_text css=\u00bb.vc_custom_1716542125295{padding-right: 20px !important;padding-left: 30px !important;}\u00bb]<\/p>\n<p class=\"p1\"><span class=\"s1\">Experiencia e imaginaci\u00f3n disponible para los clientes con la b\u00fasqueda constante de nuevas texturas, colores y patrones personalizados.<br \/>\nAmplia gama de art\u00edculos disponibles en stock. Envios diarios a todo el mundo.<\/span><\/p>\n<p>[\/vc_column_text][vc_empty_space height=\u00bb25px\u00bb][vc_column_text css=\u00bb.vc_custom_1558717963121{padding-left: 30px !important;}\u00bb]<\/p>\n<h2 class=\"p1\"><span class=\"s1\"><b>La moda que sue\u00f1as,<br \/>\nel estilo que deseas.<br \/>\n<\/b><\/span><\/h2>\n<p>[\/vc_column_text][vc_empty_space height=\u00bb100px\u00bb][vc_single_image image=\u00bb923&#8243; img_size=\u00bbfull\u00bb alignment=\u00bbcenter\u00bb css=\u00bb\u00bb qode_css_animation=\u00bb\u00bb][vc_empty_space height=\u00bb60px\u00bb][\/vc_column][vc_column width=\u00bb2\/3&#8243;][vc_single_image image=\u00bb562&#8243; img_size=\u00bb1200&#215;700&#8243; css=\u00bb\u00bb qode_css_animation=\u00bb\u00bb qode_hover_animation=\u00bbzoom_in\u00bb][vc_empty_space height=\u00bb20px\u00bb][vc_single_image image=\u00bb1102&#8243; img_size=\u00bbfull\u00bb css=\u00bb\u00bb qode_css_animation=\u00bb\u00bb qode_hover_animation=\u00bbzoom_in\u00bb][vc_empty_space height=\u00bb20px\u00bb][vc_single_image image=\u00bb1107&#8243; img_size=\u00bbfull\u00bb css=\u00bb\u00bb qode_css_animation=\u00bb\u00bb qode_hover_animation=\u00bbzoom_in\u00bb][\/vc_column][\/vc_row]<\/p>\n<\/div>","protected":false},"excerpt":{"rendered":"<p>[vc_row css_animation=\u00bb\u00bb row_type=\u00bbrow\u00bb use_row_as_full_screen_section=\u00bbno\u00bb type=\u00bbfull_width\u00bb angled_section=\u00bbno\u00bb text_align=\u00bbleft\u00bb background_image_as_pattern=\u00bbwithout_pattern\u00bb][vc_column][vc_single_image image=\u00bb517&#8243; img_size=\u00bbfull\u00bb qode_css_animation=\u00bb\u00bb][\/vc_column][\/vc_row][vc_row css_animation=\u00bb\u00bb row_type=\u00bbrow\u00bb use_row_as_full_screen_section=\u00bbno\u00bb type=\u00bbfull_width\u00bb angled_section=\u00bbno\u00bb text_align=\u00bbleft\u00bb background_image_as_pattern=\u00bbwithout_pattern\u00bb background_color=\u00bb#cccccc\u00bb padding_top=\u00bb70&#8243; padding_bottom=\u00bb40&#8243; z_index=\u00bb\u00bb][vc_column width=\u00bb1\/3&#8243;][vc_column_text css=\u00bb.vc_custom_1558717908523{padding-left: 30px !important;}\u00bb] Ideas, estilos y colores que cuentan formas nuevas y alternativas, que visten y se entrelazan con encanto y dan&#8230;<\/p>\n","protected":false},"author":1,"featured_media":0,"parent":0,"menu_order":0,"comment_status":"closed","ping_status":"closed","template":"full_width.php","meta":{"footnotes":""},"class_list":["post-613","page","type-page","status-publish","hentry"],"yoast_head":"<!-- This site is optimized with the Yoast SEO plugin v26.2 - https:\/\/yoast.com\/wordpress\/plugins\/seo\/ -->\n<title>Sobre Nosotros - Glamtex<\/title>\n<meta name=\"robots\" content=\"index, follow, max-snippet:-1, max-image-preview:large, max-video-preview:-1\" \/>\n<link rel=\"canonical\" href=\"https:\/\/www.glamtex.com\/es\/sobre-nosotros\/\" \/>\n<meta property=\"og:locale\" content=\"es_ES\" \/>\n<meta property=\"og:type\" content=\"article\" \/>\n<meta property=\"og:title\" content=\"Sobre Nosotros - Glamtex\" \/>\n<meta property=\"og:description\" content=\"[vc_row css_animation=\u00bb\u00bb row_type=\u00bbrow\u00bb use_row_as_full_screen_section=\u00bbno\u00bb type=\u00bbfull_width\u00bb angled_section=\u00bbno\u00bb text_align=\u00bbleft\u00bb background_image_as_pattern=\u00bbwithout_pattern\u00bb][vc_column][vc_single_image image=\u00bb517&#8243; img_size=\u00bbfull\u00bb qode_css_animation=\u00bb\u00bb][\/vc_column][\/vc_row][vc_row css_animation=\u00bb\u00bb row_type=\u00bbrow\u00bb use_row_as_full_screen_section=\u00bbno\u00bb type=\u00bbfull_width\u00bb angled_section=\u00bbno\u00bb text_align=\u00bbleft\u00bb background_image_as_pattern=\u00bbwithout_pattern\u00bb background_color=\u00bb#cccccc\u00bb padding_top=\u00bb70&#8243; padding_bottom=\u00bb40&#8243; z_index=\u00bb\u00bb][vc_column width=\u00bb1\/3&#8243;][vc_column_text css=\u00bb.vc_custom_1558717908523{padding-left: 30px !important;}\u00bb] Ideas, estilos y colores que cuentan formas nuevas y alternativas, que visten y se entrelazan con encanto y dan...\" \/>\n<meta property=\"og:url\" content=\"https:\/\/www.glamtex.com\/es\/sobre-nosotros\/\" \/>\n<meta property=\"og:site_name\" content=\"Glamtex\" \/>\n<meta property=\"article:modified_time\" content=\"2024-05-24T09:22:52+00:00\" \/>\n<meta name=\"twitter:card\" content=\"summary_large_image\" \/>\n<meta name=\"twitter:label1\" content=\"Tiempo de lectura\" \/>\n\t<meta name=\"twitter:data1\" content=\"2 minutos\" \/>\n<script type=\"application\/ld+json\" class=\"yoast-schema-graph\">{\"@context\":\"https:\/\/schema.org\",\"@graph\":[{\"@type\":\"WebPage\",\"@id\":\"https:\/\/www.glamtex.com\/es\/sobre-nosotros\/\",\"url\":\"https:\/\/www.glamtex.com\/es\/sobre-nosotros\/\",\"name\":\"Sobre Nosotros - Glamtex\",\"isPartOf\":{\"@id\":\"https:\/\/www.glamtex.com\/#website\"},\"datePublished\":\"2018-12-19T11:08:00+00:00\",\"dateModified\":\"2024-05-24T09:22:52+00:00\",\"breadcrumb\":{\"@id\":\"https:\/\/www.glamtex.com\/es\/sobre-nosotros\/#breadcrumb\"},\"inLanguage\":\"es\",\"potentialAction\":[{\"@type\":\"ReadAction\",\"target\":[\"https:\/\/www.glamtex.com\/es\/sobre-nosotros\/\"]}]},{\"@type\":\"BreadcrumbList\",\"@id\":\"https:\/\/www.glamtex.com\/es\/sobre-nosotros\/#breadcrumb\",\"itemListElement\":[{\"@type\":\"ListItem\",\"position\":1,\"name\":\"Home\",\"item\":\"https:\/\/www.glamtex.com\/es\/\"},{\"@type\":\"ListItem\",\"position\":2,\"name\":\"Sobre Nosotros\"}]},{\"@type\":\"WebSite\",\"@id\":\"https:\/\/www.glamtex.com\/#website\",\"url\":\"https:\/\/www.glamtex.com\/\",\"name\":\"Glamtex\",\"description\":\"Glamtex\",\"potentialAction\":[{\"@type\":\"SearchAction\",\"target\":{\"@type\":\"EntryPoint\",\"urlTemplate\":\"https:\/\/www.glamtex.com\/?s={search_term_string}\"},\"query-input\":{\"@type\":\"PropertyValueSpecification\",\"valueRequired\":true,\"valueName\":\"search_term_string\"}}],\"inLanguage\":\"es\"}]}<\/script>\n<!-- \/ Yoast SEO plugin. -->","yoast_head_json":{"title":"Sobre Nosotros - Glamtex","robots":{"index":"index","follow":"follow","max-snippet":"max-snippet:-1","max-image-preview":"max-image-preview:large","max-video-preview":"max-video-preview:-1"},"canonical":"https:\/\/www.glamtex.com\/es\/sobre-nosotros\/","og_locale":"es_ES","og_type":"article","og_title":"Sobre Nosotros - Glamtex","og_description":"[vc_row css_animation=\u00bb\u00bb row_type=\u00bbrow\u00bb use_row_as_full_screen_section=\u00bbno\u00bb type=\u00bbfull_width\u00bb angled_section=\u00bbno\u00bb text_align=\u00bbleft\u00bb background_image_as_pattern=\u00bbwithout_pattern\u00bb][vc_column][vc_single_image image=\u00bb517&#8243; img_size=\u00bbfull\u00bb qode_css_animation=\u00bb\u00bb][\/vc_column][\/vc_row][vc_row css_animation=\u00bb\u00bb row_type=\u00bbrow\u00bb use_row_as_full_screen_section=\u00bbno\u00bb type=\u00bbfull_width\u00bb angled_section=\u00bbno\u00bb text_align=\u00bbleft\u00bb background_image_as_pattern=\u00bbwithout_pattern\u00bb background_color=\u00bb#cccccc\u00bb padding_top=\u00bb70&#8243; padding_bottom=\u00bb40&#8243; z_index=\u00bb\u00bb][vc_column width=\u00bb1\/3&#8243;][vc_column_text css=\u00bb.vc_custom_1558717908523{padding-left: 30px !important;}\u00bb] Ideas, estilos y colores que cuentan formas nuevas y alternativas, que visten y se entrelazan con encanto y dan...","og_url":"https:\/\/www.glamtex.com\/es\/sobre-nosotros\/","og_site_name":"Glamtex","article_modified_time":"2024-05-24T09:22:52+00:00","twitter_card":"summary_large_image","twitter_misc":{"Tiempo de lectura":"2 minutos"},"schema":{"@context":"https:\/\/schema.org","@graph":[{"@type":"WebPage","@id":"https:\/\/www.glamtex.com\/es\/sobre-nosotros\/","url":"https:\/\/www.glamtex.com\/es\/sobre-nosotros\/","name":"Sobre Nosotros - Glamtex","isPartOf":{"@id":"https:\/\/www.glamtex.com\/#website"},"datePublished":"2018-12-19T11:08:00+00:00","dateModified":"2024-05-24T09:22:52+00:00","breadcrumb":{"@id":"https:\/\/www.glamtex.com\/es\/sobre-nosotros\/#breadcrumb"},"inLanguage":"es","potentialAction":[{"@type":"ReadAction","target":["https:\/\/www.glamtex.com\/es\/sobre-nosotros\/"]}]},{"@type":"BreadcrumbList","@id":"https:\/\/www.glamtex.com\/es\/sobre-nosotros\/#breadcrumb","itemListElement":[{"@type":"ListItem","position":1,"name":"Home","item":"https:\/\/www.glamtex.com\/es\/"},{"@type":"ListItem","position":2,"name":"Sobre Nosotros"}]},{"@type":"WebSite","@id":"https:\/\/www.glamtex.com\/#website","url":"https:\/\/www.glamtex.com\/","name":"Glamtex","description":"Glamtex","potentialAction":[{"@type":"SearchAction","target":{"@type":"EntryPoint","urlTemplate":"https:\/\/www.glamtex.com\/?s={search_term_string}"},"query-input":{"@type":"PropertyValueSpecification","valueRequired":true,"valueName":"search_term_string"}}],"inLanguage":"es"}]}},"_links":{"self":[{"href":"https:\/\/www.glamtex.com\/es\/wp-json\/wp\/v2\/pages\/613","targetHints":{"allow":["GET"]}}],"collection":[{"href":"https:\/\/www.glamtex.com\/es\/wp-json\/wp\/v2\/pages"}],"about":[{"href":"https:\/\/www.glamtex.com\/es\/wp-json\/wp\/v2\/types\/page"}],"author":[{"embeddable":true,"href":"https:\/\/www.glamtex.com\/es\/wp-json\/wp\/v2\/users\/1"}],"replies":[{"embeddable":true,"href":"https:\/\/www.glamtex.com\/es\/wp-json\/wp\/v2\/comments?post=613"}],"version-history":[{"count":7,"href":"https:\/\/www.glamtex.com\/es\/wp-json\/wp\/v2\/pages\/613\/revisions"}],"predecessor-version":[{"id":1111,"href":"https:\/\/www.glamtex.com\/es\/wp-json\/wp\/v2\/pages\/613\/revisions\/1111"}],"wp:attachment":[{"href":"https:\/\/www.glamtex.com\/es\/wp-json\/wp\/v2\/media?parent=613"}],"curies":[{"name":"wp","href":"https:\/\/api.w.org\/{rel}","templated":true}]}}